{"id":2385,"date":"2020-01-16T16:01:45","date_gmt":"2020-01-16T15:01:45","guid":{"rendered":"http:\/\/jgrm.fr\/?page_id=2385"},"modified":"2025-02-18T16:45:11","modified_gmt":"2025-02-18T15:45:11","slug":"espace-pro","status":"publish","type":"page","link":"https:\/\/jgrm.fr\/?page_id=2385","title":{"rendered":"Espace Pro"},"content":{"rendered":"<p><div class=\"fusion-fullwidth fullwidth-box fusion-builder-row-1 hundred-percent-fullwidth non-hundred-percent-height-scrolling\" style=\"--awb-border-radius-top-left:0px;--awb-border-radius-top-right:0px;--awb-border-radius-bottom-right:0px;--awb-border-radius-bottom-left:0px;--awb-overflow:visible;--awb-flex-wrap:wrap;\" ><div class=\"fusion-builder-row fusion-row\"><div class=\"fusion-layout-column fusion_builder_column fusion-builder-column-0 fusion_builder_column_1_1 1_1 fusion-one-full fusion-column-first fusion-column-last fusion-column-no-min-height\" style=\"--awb-bg-size:cover;--awb-margin-top:-70px;--awb-margin-bottom:0px;\"><div class=\"fusion-column-wrapper fusion-flex-column-wrapper-legacy\">\n<div class=\"fusion-slider-revolution rev_slider_wrapper\">\t\t\t<!-- START header esapce pro REVOLUTION SLIDER 6.7.25 --><p class=\"rs-p-wp-fix\"><\/p>\n\t\t\t<rs-module-wrap id=\"rev_slider_6_1_wrapper\" data-source=\"gallery\" style=\"visibility:hidden;background:transparent;padding:0;margin:0px auto;margin-top:0;margin-bottom:0;\">\n\t\t\t\t<rs-module id=\"rev_slider_6_1\" style=\"\" data-version=\"6.7.25\">\n\t\t\t\t\t<rs-slides style=\"overflow: hidden; position: absolute;\">\n\t\t\t\t\t\t<rs-slide style=\"position: absolute;\" data-key=\"rs-7\" data-title=\"Slide\" data-in=\"o:0;\" data-out=\"a:false;\" data-sloop=\"s:2500;e:11270;\">\n\t\t\t\t\t\t\t<img decoding=\"async\" src=\"\/\/jgrm.fr\/wp-content\/plugins\/revslider\/sr6\/assets\/assets\/dummy.png\" alt=\"\" title=\"JGRM_TABLE_HD-47\" width=\"1652\" height=\"1416\" class=\"rev-slidebg tp-rs-img rs-lazyload\" data-lazyload=\"\/\/jgrm.fr\/wp-content\/uploads\/2020\/04\/JGRM_TABLE_HD-47.jpg\" data-no-retina>\n<!--\n\t\t\t\t\t\t\t--><rs-layer\n\t\t\t\t\t\t\t\tid=\"slider-6-slide-7-layer-0\" \n\t\t\t\t\t\t\t\tdata-type=\"shape\"\n\t\t\t\t\t\t\t\tdata-rsp_ch=\"on\"\n\t\t\t\t\t\t\t\tdata-xy=\"x:c;xo:0,0,0,-287px;y:m;\"\n\t\t\t\t\t\t\t\tdata-text=\"w:normal;s:20,14,10,6;l:0,18,13,8;\"\n\t\t\t\t\t\t\t\tdata-dim=\"w:2943px,2152px,1635px,1746px;h:1400px,1024px,778px,1517px;\"\n\t\t\t\t\t\t\t\tdata-vbility=\"t,t,t,f\"\n\t\t\t\t\t\t\t\tdata-basealign=\"slide\"\n\t\t\t\t\t\t\t\tdata-frame_999=\"o:0;st:w;sR:10700;\"\n\t\t\t\t\t\t\t\tstyle=\"z-index:7;background-color:rgba(0,0,0,0.5);\"\n\t\t\t\t\t\t\t> \n\t\t\t\t\t\t\t<\/rs-layer><!--\n\n\t\t\t\t\t\t\t--><rs-layer\n\t\t\t\t\t\t\t\tid=\"slider-6-slide-7-layer-1\" \n\t\t\t\t\t\t\t\tdata-type=\"text\"\n\t\t\t\t\t\t\t\tdata-rsp_ch=\"on\"\n\t\t\t\t\t\t\t\tdata-xy=\"x:c;y:m;yo:-50px,-36px,-27px,-16px;\"\n\t\t\t\t\t\t\t\tdata-text=\"w:normal;s:60,43,32,30;l:32,23,17,10;fw:700;a:center;\"\n\t\t\t\t\t\t\t\tdata-dim=\"w:988px,722px,548px,338px;h:67px,49px,37px,22px;\"\n\t\t\t\t\t\t\t\tdata-ford=\"frame_0;frame_1;frame_2;frame_999;frame_3;\"\n\t\t\t\t\t\t\t\tdata-frame_0=\"x:-1800px,-1316px,-999px,-616px;y:18px,13px,9px,5px;\"\n\t\t\t\t\t\t\t\tdata-frame_1=\"x:-1800px,-1316px,-999px,-616px;y:2px,1px,0px,0px;st:8500;sp:500;sR:8500;\"\n\t\t\t\t\t\t\t\tdata-frame_999=\"x:1800px,1316px,999px,616px;y:0px;o:0;st:w;sR:1200;\"\n\t\t\t\t\t\t\t\tdata-frame_2=\"x:1px,0px,0px,0px;y:0px;st:9000;sp:800;\"\n\t\t\t\t\t\t\t\tdata-frame_3=\"x:1800px,1316px,999px,616px;st:11000;sp:800;sR:1200;\"\n\t\t\t\t\t\t\t\tstyle=\"z-index:13;font-family:'Poppins';\"\n\t\t\t\t\t\t\t>Assemblage rapide \n\t\t\t\t\t\t\t<\/rs-layer><!--\n\n\t\t\t\t\t\t\t--><rs-layer\n\t\t\t\t\t\t\t\tid=\"slider-6-slide-7-layer-2\" \n\t\t\t\t\t\t\t\tdata-type=\"text\"\n\t\t\t\t\t\t\t\tdata-rsp_ch=\"on\"\n\t\t\t\t\t\t\t\tdata-xy=\"x:c;y:m;yo:-50px,-36px,-27px,-16px;\"\n\t\t\t\t\t\t\t\tdata-text=\"w:normal;s:60,43,32,30;l:32,23,17,10;fw:700;a:center;\"\n\t\t\t\t\t\t\t\tdata-dim=\"w:988px,722px,548px,338px;h:67px,49px,37px,22px;\"\n\t\t\t\t\t\t\t\tdata-ford=\"frame_0;frame_1;frame_2;frame_3;frame_999;\"\n\t\t\t\t\t\t\t\tdata-frame_0=\"x:-1127px,-824px,-626px,-386px;y:18px,13px,9px,5px;\"\n\t\t\t\t\t\t\t\tdata-frame_1=\"x:--1800px,NaN,NaN,NaN;y:2px,1px,0px,0px;st:130;sp:500;sR:130;\"\n\t\t\t\t\t\t\t\tdata-frame_999=\"x:1076px,787px,597px,368px;y:0px;o:0;st:w;sR:7700;\"\n\t\t\t\t\t\t\t\tdata-frame_2=\"x:1px,0px,0px,0px;y:0px;st:630;sp:800;\"\n\t\t\t\t\t\t\t\tdata-frame_3=\"x:1793px,1311px,996px,614px;y:0px;st:2500;sp:800;sR:1070;\"\n\t\t\t\t\t\t\t\tstyle=\"z-index:9;font-family:'Poppins';\"\n\t\t\t\t\t\t\t>Table pique-nique \n\t\t\t\t\t\t\t<\/rs-layer><!--\n\n\t\t\t\t\t\t\t--><rs-layer\n\t\t\t\t\t\t\t\tid=\"slider-6-slide-7-layer-3\" \n\t\t\t\t\t\t\t\tdata-type=\"text\"\n\t\t\t\t\t\t\t\tdata-rsp_ch=\"on\"\n\t\t\t\t\t\t\t\tdata-xy=\"x:c;y:m;yo:-50px,-36px,-27px,-15px;\"\n\t\t\t\t\t\t\t\tdata-text=\"w:normal;s:60,43,32,35;l:32,23,17,30;fw:700;a:center;\"\n\t\t\t\t\t\t\t\tdata-dim=\"w:988px,722px,548px,338px;h:67px,49px,37px,22px;\"\n\t\t\t\t\t\t\t\tdata-ford=\"frame_0;frame_1;frame_2;frame_3;frame_999;\"\n\t\t\t\t\t\t\t\tdata-frame_0=\"x:-1800px,-1316px,-999px,-616px;y:18px,13px,9px,-40px;\"\n\t\t\t\t\t\t\t\tdata-frame_1=\"x:-1800px,-1316px,-999px,-616px;y:2px,1px,0px,-40px;st:1990;sp:500;sR:1990;\"\n\t\t\t\t\t\t\t\tdata-frame_999=\"x:1076px,787px,597px,368px;y:0px;o:0;st:w;sR:5920;\"\n\t\t\t\t\t\t\t\tdata-frame_2=\"x:1px,0px,0px,0px;y:0px,0px,0px,-40px;st:2490;sp:800;\"\n\t\t\t\t\t\t\t\tdata-frame_3=\"x:1800px,1316px,999px,616px;y:0px,0px,0px,-40px;st:4280;sp:800;sR:990;\"\n\t\t\t\t\t\t\t\tstyle=\"z-index:10;font-family:'Poppins';\"\n\t\t\t\t\t\t\t>Robuste & durable \n\t\t\t\t\t\t\t<\/rs-layer><!--\n\n\t\t\t\t\t\t\t--><rs-layer\n\t\t\t\t\t\t\t\tid=\"slider-6-slide-7-layer-4\" \n\t\t\t\t\t\t\t\tdata-type=\"text\"\n\t\t\t\t\t\t\t\tdata-rsp_ch=\"on\"\n\t\t\t\t\t\t\t\tdata-xy=\"x:c;y:m;yo:-50px,-36px,-27px,-16px;\"\n\t\t\t\t\t\t\t\tdata-text=\"w:normal;s:60,43,32,30;l:32,23,17,10;fw:700;a:center;\"\n\t\t\t\t\t\t\t\tdata-dim=\"w:988px,722px,548px,338px;h:67px,49px,37px,22px;\"\n\t\t\t\t\t\t\t\tdata-ford=\"frame_0;frame_1;frame_2;frame_3;frame_999;\"\n\t\t\t\t\t\t\t\tdata-frame_0=\"x:-1800px,-1316px,-999px,-616px;y:18px,13px,9px,5px;\"\n\t\t\t\t\t\t\t\tdata-frame_1=\"x:-1800px,-1316px,-999px,-616px;y:2px,1px,0px,0px;st:6000;sp:500;sR:6000;\"\n\t\t\t\t\t\t\t\tdata-frame_999=\"x:1076px,787px,597px,368px;y:0px;o:0;st:w;sR:1200;\"\n\t\t\t\t\t\t\t\tdata-frame_2=\"x:1px,0px,0px,0px;y:0px;st:6500;sp:800;\"\n\t\t\t\t\t\t\t\tdata-frame_3=\"x:1800px,1316px,999px,616px;st:9000;sp:800;sR:1700;\"\n\t\t\t\t\t\t\t\tstyle=\"z-index:12;font-family:'Poppins';\"\n\t\t\t\t\t\t\t>\u00c9coresponsable \n\t\t\t\t\t\t\t<\/rs-layer><!--\n\n\t\t\t\t\t\t\t--><rs-layer\n\t\t\t\t\t\t\t\tid=\"slider-6-slide-7-layer-5\" \n\t\t\t\t\t\t\t\tdata-type=\"text\"\n\t\t\t\t\t\t\t\tdata-rsp_ch=\"on\"\n\t\t\t\t\t\t\t\tdata-xy=\"x:c;y:m;yo:-50px,-36px,-27px,-16px;\"\n\t\t\t\t\t\t\t\tdata-text=\"w:normal;s:60,43,32,30;l:32,23,17,10;fw:700;a:center;\"\n\t\t\t\t\t\t\t\tdata-dim=\"w:988px,722px,548px,338px;h:67px,49px,37px,22px;\"\n\t\t\t\t\t\t\t\tdata-ford=\"frame_0;frame_1;frame_2;frame_3;frame_999;\"\n\t\t\t\t\t\t\t\tdata-frame_0=\"x:-1800px,-1316px,-999px,-616px;y:18px,13px,9px,5px;\"\n\t\t\t\t\t\t\t\tdata-frame_1=\"x:-1800px,-1316px,-999px,-616px;y:2px,1px,0px,0px;st:3780;sp:500;sR:3780;\"\n\t\t\t\t\t\t\t\tdata-frame_999=\"x:1076px,787px,597px,368px;y:0px;o:0;st:w;sR:3700;\"\n\t\t\t\t\t\t\t\tdata-frame_2=\"x:1px,0px,0px,0px;y:0px;st:4280;sp:800;\"\n\t\t\t\t\t\t\t\tdata-frame_3=\"x:1800px,1316px,999px,616px;st:6500;sp:800;sR:1420;\"\n\t\t\t\t\t\t\t\tstyle=\"z-index:11;font-family:'Poppins';\"\n\t\t\t\t\t\t\t>Espaces publics \n\t\t\t\t\t\t\t<\/rs-layer><!--\n\n\t\t\t\t\t\t\t--><rs-layer\n\t\t\t\t\t\t\t\tid=\"slider-6-slide-7-layer-6\" \n\t\t\t\t\t\t\t\tdata-type=\"shape\"\n\t\t\t\t\t\t\t\tdata-rsp_ch=\"on\"\n\t\t\t\t\t\t\t\tdata-xy=\"x:c;y:m;\"\n\t\t\t\t\t\t\t\tdata-text=\"w:normal;s:20,14,10,6;l:0,18,13,8;\"\n\t\t\t\t\t\t\t\tdata-dim=\"w:2943px,2152px,1635px,1746px;h:1400px,1024px,778px,1517px;\"\n\t\t\t\t\t\t\t\tdata-vbility=\"f,f,f,t\"\n\t\t\t\t\t\t\t\tdata-basealign=\"slide\"\n\t\t\t\t\t\t\t\tdata-frame_999=\"o:0;st:w;sR:10700;\"\n\t\t\t\t\t\t\t\tstyle=\"z-index:6;background-color:rgba(0,0,0,0.5);\"\n\t\t\t\t\t\t\t> \n\t\t\t\t\t\t\t<\/rs-layer><!--\n\n\t\t\t\t\t\t\t--><rs-layer\n\t\t\t\t\t\t\t\tid=\"slider-6-slide-7-layer-8\" \n\t\t\t\t\t\t\t\tdata-type=\"text\"\n\t\t\t\t\t\t\t\tdata-rsp_ch=\"on\"\n\t\t\t\t\t\t\t\tdata-xy=\"x:c;y:m;yo:-50px,-36px,-27px,0;\"\n\t\t\t\t\t\t\t\tdata-text=\"w:normal;s:35,25,18,16;l:32,23,17,10;a:center;\"\n\t\t\t\t\t\t\t\tdata-dim=\"w:988px,722px,548px,429px;h:67px,49px,37px,22px;\"\n\t\t\t\t\t\t\t\tdata-basealign=\"slide\"\n\t\t\t\t\t\t\t\tdata-ford=\"frame_0;frame_1;frame_2;frame_999;\"\n\t\t\t\t\t\t\t\tdata-frame_0=\"x:-1127px,-824px,-626px,-1800px;y:18px,13px,9px,5px;\"\n\t\t\t\t\t\t\t\tdata-frame_1=\"x:-1800px,-1316px,-999px,-616px;y:70px,51px,38px,23px;st:130;sp:500;sR:130;\"\n\t\t\t\t\t\t\t\tdata-frame_999=\"x:1076px,787px,597px,368px;y:70px,51px,38px,23px;o:0;st:w;sR:9570;\"\n\t\t\t\t\t\t\t\tdata-frame_2=\"x:0px;y:70px,51px,38px,23px;st:630;sp:800;\"\n\t\t\t\t\t\t\t\tstyle=\"z-index:8;font-family:'Poppins';\"\n\t\t\t\t\t\t\t>La table de pique-nique avec sa cuisine int\u00e9gr\u00e9e \n\t\t\t\t\t\t\t<\/rs-layer><!--\n\n\t\t\t\t\t\t\t--><rs-layer\n\t\t\t\t\t\t\t\tid=\"slider-6-slide-7-layer-10\" \n\t\t\t\t\t\t\t\tdata-type=\"image\"\n\t\t\t\t\t\t\t\tdata-rsp_ch=\"on\"\n\t\t\t\t\t\t\t\tdata-xy=\"x:c;y:m;yo:179px,130px,98px,165px;\"\n\t\t\t\t\t\t\t\tdata-text=\"w:normal;s:20,14,10,6;l:0,18,13,8;\"\n\t\t\t\t\t\t\t\tdata-dim=\"w:148px,108px,82px,120px;h:49px,35px,26px,40px;\"\n\t\t\t\t\t\t\t\tdata-border=\"bor:50px,50px,50px,50px;\"\n\t\t\t\t\t\t\t\tdata-ford=\"frame_0;frame_1;frame_2;frame_999;\"\n\t\t\t\t\t\t\t\tdata-frame_0=\"x:-16px,-11px,-8px,-4px;y:81px,59px,44px,27px;\"\n\t\t\t\t\t\t\t\tdata-frame_1=\"y:48px,35px,26px,16px;\"\n\t\t\t\t\t\t\t\tdata-frame_999=\"x:-3px,-2px,-1px,0px;y:45px,32px,24px,14px;o:0;st:w;sR:10200;\"\n\t\t\t\t\t\t\t\tdata-frame_2=\"x:0px;y:0px;st:400;sp:400;sR:100;\"\n\t\t\t\t\t\t\t\tstyle=\"z-index:15;\"\n\t\t\t\t\t\t\t><img decoding=\"async\" src=\"\/\/jgrm.fr\/wp-content\/plugins\/revslider\/sr6\/assets\/assets\/dummy.png\" alt=\"\" class=\"tp-rs-img rs-lazyload\" width=\"3548\" height=\"1180\" data-lazyload=\"\/\/jgrm.fr\/wp-content\/uploads\/2025\/01\/made-in-france_1.png\" data-no-retina> \n\t\t\t\t\t\t\t<\/rs-layer><!--\n-->\t\t\t\t\t<\/rs-slide>\n\t\t\t\t\t<\/rs-slides>\n\t\t\t\t\t<rs-static-layers><!--\n\t\t\t\t\t--><\/rs-static-layers>\n\t\t\t\t<\/rs-module>\n\t\t\t\t<script data-jetpack-boost=\"ignore\">\n\t\t\t\t\tsetREVStartSize({c: 'rev_slider_6_1',rl:[1240,1024,778,480],el:[700,768,960,1000],gw:[1400,1024,778,480],gh:[700,768,960,1000],type:'hero',justify:'',layout:'fullwidth',mh:\"0\"});if (window.RS_MODULES!==undefined && window.RS_MODULES.modules!==undefined && window.RS_MODULES.modules[\"revslider61\"]!==undefined) {window.RS_MODULES.modules[\"revslider61\"].once = false;window.revapi6 = undefined;if (window.RS_MODULES.checkMinimal!==undefined) window.RS_MODULES.checkMinimal()}\n\t\t\t\t<\/script>\n\t\t\t<\/rs-module-wrap>\n\t\t\t<!-- END REVOLUTION SLIDER -->\n<\/div><div class=\"fusion-clearfix\"><\/div><\/div><\/div><\/div><\/div><div class=\"fusion-fullwidth fullwidth-box fusion-builder-row-2 nonhundred-percent-fullwidth non-hundred-percent-height-scrolling\" style=\"--awb-background-position:left top;--awb-border-sizes-top:0px;--awb-border-sizes-bottom:0px;--awb-border-sizes-left:0px;--awb-border-sizes-right:0px;--awb-border-radius-top-left:0px;--awb-border-radius-top-right:0px;--awb-border-radius-bottom-right:0px;--awb-border-radius-bottom-left:0px;--awb-padding-top:2%;--awb-padding-bottom:40px;--awb-flex-wrap:wrap;\" ><div class=\"fusion-builder-row fusion-row\"><div class=\"fusion-layout-column fusion_builder_column fusion-builder-column-1 fusion_builder_column_1_2 1_2 fusion-one-half fusion-column-first\" style=\"--awb-padding-top:20px;--awb-padding-right:20px;--awb-padding-bottom:20px;--awb-padding-left:20px;--awb-bg-size:cover;--awb-margin-top:14px;width:48%; margin-right: 4%;\"><div class=\"fusion-column-wrapper fusion-flex-column-wrapper-legacy\"><div class=\"fusion-text fusion-text-1\" style=\"--awb-font-size:var(--awb-typography1-font-size);--awb-line-height:var(--awb-typography1-line-height);--awb-letter-spacing:var(--awb-typography1-letter-spacing);--awb-text-transform:var(--awb-typography1-text-transform);--awb-text-color:#be1622;--awb-text-font-family:var(--awb-typography1-font-family);--awb-text-font-weight:var(--awb-typography1-font-weight);--awb-text-font-style:var(--awb-typography1-font-style);\"><p>Espace professionnel<\/p>\n<\/div><div class=\"fusion-sep-clear\"><\/div><div class=\"fusion-separator fusion-clearfix\" style=\"float:left;margin-top:-10px;width:100%;max-width:75%;\"><div class=\"fusion-separator-border sep-single sep-solid\" style=\"--awb-height:20px;--awb-amount:20px;--awb-sep-color:var(--awb-color7);border-color:var(--awb-color7);border-top-width:2px;\"><\/div><\/div><div class=\"fusion-sep-clear\"><\/div><div class=\"fusion-text fusion-text-2\"><p>Utilisez votre identifiant professionnel pour vous connecter \u00e0 votre espace et acc\u00e9der \u00e0 vos commande.<br \/>Si vous \u00eates professionnels et que vous \u00eates int\u00e9ress\u00e9 par nos produits contactez nous via <em><a style=\"color: #be1622;\" href=\"https:\/\/jgrm.fr\/contact\/\">la page contact.<\/a><\/em><\/p>\n<\/div><div class=\"fusion-clearfix\"><\/div><\/div><\/div><div class=\"fusion-layout-column fusion_builder_column fusion-builder-column-2 fusion_builder_column_1_2 1_2 fusion-one-half fusion-column-last\" style=\"--awb-padding-top:10px;--awb-padding-right:10px;--awb-padding-bottom:10px;--awb-padding-left:10px;--awb-bg-position:center center;--awb-bg-size:cover;--awb-margin-top:14px;width:48%;\"><div class=\"fusion-column-wrapper fusion-column-has-shadow fusion-flex-column-wrapper-legacy\"><div class=\"fusion-column-content-centered\"><div class=\"fusion-column-content\"><\/div><\/div><div class=\"fusion-clearfix\"><\/div><\/div><\/div><\/div><\/div><\/p>\n","protected":false},"excerpt":{"rendered":"","protected":false},"author":9,"featured_media":0,"parent":0,"menu_order":0,"comment_status":"closed","ping_status":"closed","template":"100-width.php","meta":{"loftloader_page_shortcode":"","footnotes":""},"class_list":["post-2385","page","type-page","status-publish","hentry"],"yoast_head":"<!-- This site is optimized with the Yoast SEO plugin v24.3 - https:\/\/yoast.com\/wordpress\/plugins\/seo\/ -->\n<title>Espace Pro - JGRM<\/title>\n<meta name=\"robots\" content=\"index, follow, max-snippet:-1, max-image-preview:large, max-video-preview:-1\" \/>\n<link rel=\"canonical\" href=\"https:\/\/jgrm.fr\/?page_id=2385\" \/>\n<meta property=\"og:locale\" content=\"fr_FR\" \/>\n<meta property=\"og:type\" content=\"article\" \/>\n<meta property=\"og:title\" content=\"Espace Pro - JGRM\" \/>\n<meta property=\"og:url\" content=\"https:\/\/jgrm.fr\/?page_id=2385\" \/>\n<meta property=\"og:site_name\" content=\"JGRM\" \/>\n<meta property=\"article:modified_time\" content=\"2025-02-18T15:45:11+00:00\" \/>\n<meta name=\"twitter:card\" content=\"summary_large_image\" \/>\n<meta name=\"twitter:label1\" content=\"Dur\u00e9e de lecture estim\u00e9e\" \/>\n\t<meta name=\"twitter:data1\" content=\"3 minutes\" \/>\n<script type=\"application\/ld+json\" class=\"yoast-schema-graph\">{\"@context\":\"https:\/\/schema.org\",\"@graph\":[{\"@type\":\"WebPage\",\"@id\":\"https:\/\/jgrm.fr\/?page_id=2385\",\"url\":\"https:\/\/jgrm.fr\/?page_id=2385\",\"name\":\"Espace Pro - JGRM\",\"isPartOf\":{\"@id\":\"https:\/\/jgrm.fr\/#website\"},\"datePublished\":\"2020-01-16T15:01:45+00:00\",\"dateModified\":\"2025-02-18T15:45:11+00:00\",\"breadcrumb\":{\"@id\":\"https:\/\/jgrm.fr\/?page_id=2385#breadcrumb\"},\"inLanguage\":\"fr-FR\",\"potentialAction\":[{\"@type\":\"ReadAction\",\"target\":[\"https:\/\/jgrm.fr\/?page_id=2385\"]}]},{\"@type\":\"BreadcrumbList\",\"@id\":\"https:\/\/jgrm.fr\/?page_id=2385#breadcrumb\",\"itemListElement\":[{\"@type\":\"ListItem\",\"position\":1,\"name\":\"Home\",\"item\":\"https:\/\/jgrm.fr\/\"},{\"@type\":\"ListItem\",\"position\":2,\"name\":\"Espace Pro\"}]},{\"@type\":\"WebSite\",\"@id\":\"https:\/\/jgrm.fr\/#website\",\"url\":\"https:\/\/jgrm.fr\/\",\"name\":\"JGRM\",\"description\":\"Table tout \u00e9quip\u00e9\",\"potentialAction\":[{\"@type\":\"SearchAction\",\"target\":{\"@type\":\"EntryPoint\",\"urlTemplate\":\"https:\/\/jgrm.fr\/?s={search_term_string}\"},\"query-input\":{\"@type\":\"PropertyValueSpecification\",\"valueRequired\":true,\"valueName\":\"search_term_string\"}}],\"inLanguage\":\"fr-FR\"}]}<\/script>\n<!-- \/ Yoast SEO plugin. -->","yoast_head_json":{"title":"Espace Pro - JGRM","robots":{"index":"index","follow":"follow","max-snippet":"max-snippet:-1","max-image-preview":"max-image-preview:large","max-video-preview":"max-video-preview:-1"},"canonical":"https:\/\/jgrm.fr\/?page_id=2385","og_locale":"fr_FR","og_type":"article","og_title":"Espace Pro - JGRM","og_url":"https:\/\/jgrm.fr\/?page_id=2385","og_site_name":"JGRM","article_modified_time":"2025-02-18T15:45:11+00:00","twitter_card":"summary_large_image","twitter_misc":{"Dur\u00e9e de lecture estim\u00e9e":"3 minutes"},"schema":{"@context":"https:\/\/schema.org","@graph":[{"@type":"WebPage","@id":"https:\/\/jgrm.fr\/?page_id=2385","url":"https:\/\/jgrm.fr\/?page_id=2385","name":"Espace Pro - JGRM","isPartOf":{"@id":"https:\/\/jgrm.fr\/#website"},"datePublished":"2020-01-16T15:01:45+00:00","dateModified":"2025-02-18T15:45:11+00:00","breadcrumb":{"@id":"https:\/\/jgrm.fr\/?page_id=2385#breadcrumb"},"inLanguage":"fr-FR","potentialAction":[{"@type":"ReadAction","target":["https:\/\/jgrm.fr\/?page_id=2385"]}]},{"@type":"BreadcrumbList","@id":"https:\/\/jgrm.fr\/?page_id=2385#breadcrumb","itemListElement":[{"@type":"ListItem","position":1,"name":"Home","item":"https:\/\/jgrm.fr\/"},{"@type":"ListItem","position":2,"name":"Espace Pro"}]},{"@type":"WebSite","@id":"https:\/\/jgrm.fr\/#website","url":"https:\/\/jgrm.fr\/","name":"JGRM","description":"Table tout \u00e9quip\u00e9","potentialAction":[{"@type":"SearchAction","target":{"@type":"EntryPoint","urlTemplate":"https:\/\/jgrm.fr\/?s={search_term_string}"},"query-input":{"@type":"PropertyValueSpecification","valueRequired":true,"valueName":"search_term_string"}}],"inLanguage":"fr-FR"}]}},"_links":{"self":[{"href":"https:\/\/jgrm.fr\/index.php?rest_route=\/wp\/v2\/pages\/2385","targetHints":{"allow":["GET"]}}],"collection":[{"href":"https:\/\/jgrm.fr\/index.php?rest_route=\/wp\/v2\/pages"}],"about":[{"href":"https:\/\/jgrm.fr\/index.php?rest_route=\/wp\/v2\/types\/page"}],"author":[{"embeddable":true,"href":"https:\/\/jgrm.fr\/index.php?rest_route=\/wp\/v2\/users\/9"}],"replies":[{"embeddable":true,"href":"https:\/\/jgrm.fr\/index.php?rest_route=%2Fwp%2Fv2%2Fcomments&post=2385"}],"version-history":[{"count":15,"href":"https:\/\/jgrm.fr\/index.php?rest_route=\/wp\/v2\/pages\/2385\/revisions"}],"predecessor-version":[{"id":4408,"href":"https:\/\/jgrm.fr\/index.php?rest_route=\/wp\/v2\/pages\/2385\/revisions\/4408"}],"wp:attachment":[{"href":"https:\/\/jgrm.fr\/index.php?rest_route=%2Fwp%2Fv2%2Fmedia&parent=2385"}],"curies":[{"name":"wp","href":"https:\/\/api.w.org\/{rel}","templated":true}]}}